{"id":10,"date":"2026-02-13T14:57:10","date_gmt":"2026-02-13T13:57:10","guid":{"rendered":"https:\/\/remkon.com.pl\/?page_id=10"},"modified":"2026-02-26T14:04:35","modified_gmt":"2026-02-26T13:04:35","slug":"10-2","status":"publish","type":"page","link":"http:\/\/remkon.com.pl\/","title":{"rendered":"Strona g\u0142\u00f3wna"},"content":{"rendered":"\n<div style=\"height:15px\" aria-hidden=\"true\" class=\"wp-block-spacer\"><\/div>\n\n\n\n<div class=\"wp-block-cover alignwide has-custom-content-position is-position-bottom-center\" style=\"min-height:546px;aspect-ratio:unset;\"><img loading=\"lazy\" decoding=\"async\" width=\"1024\" height=\"468\" class=\"wp-block-cover__image-background wp-image-131 size-large\" alt=\"\" src=\"http:\/\/remkon.com.pl\/wp-content\/uploads\/2026\/02\/bIMG_20220225_095303-1-1024x468.jpg\" style=\"object-position:35% 26%\" data-object-fit=\"cover\" data-object-position=\"35% 26%\" srcset=\"http:\/\/remkon.com.pl\/wp-content\/uploads\/2026\/02\/bIMG_20220225_095303-1-1024x468.jpg 1024w, http:\/\/remkon.com.pl\/wp-content\/uploads\/2026\/02\/bIMG_20220225_095303-1-300x137.jpg 300w, http:\/\/remkon.com.pl\/wp-content\/uploads\/2026\/02\/bIMG_20220225_095303-1-768x351.jpg 768w, http:\/\/remkon.com.pl\/wp-content\/uploads\/2026\/02\/bIMG_20220225_095303-1-1536x702.jpg 1536w, http:\/\/remkon.com.pl\/wp-content\/uploads\/2026\/02\/bIMG_20220225_095303-1-2048x935.jpg 2048w\" sizes=\"auto, (max-width: 1024px) 100vw, 1024px\" \/><span aria-hidden=\"true\" class=\"wp-block-cover__background has-ast-global-color-2-background-color has-background-dim-30 has-background-dim\"><\/span><div class=\"wp-block-cover__inner-container is-layout-flow wp-block-cover-is-layout-flow\">\n<h1 class=\"wp-block-heading has-text-align-center has-ast-global-color-4-color has-text-color has-link-color has-x-large-font-size wp-elements-8d0b0a0da27949a377a2455152b0b7d2\">Kompleksowe rozwi\u0105zania techniczne dla firm i przemys\u0142u<\/h1>\n\n\n\n<h4 class=\"wp-block-heading alignfull has-text-align-center has-ast-global-color-4-color has-text-color has-link-color wp-elements-70a29c49714e179d9e8a0f85cafd36b5\">Realizujemy transport ci\u0119\u017carowy z HDS, dostarczamy nagrzewnice oraz wykonujemy konstrukcje stalowe i maszyny na zam\u00f3wienie.<\/h4>\n\n\n\n<div class=\"wp-block-group is-layout-constrained wp-block-group-is-layout-constrained\">\n<div class=\"wp-block-columns is-layout-flex wp-container-core-columns-is-layout-28f84493 wp-block-columns-is-layout-flex\">\n<div class=\"wp-block-column is-layout-flow wp-block-column-is-layout-flow\" style=\"flex-basis:100%\">\n<div class=\"wp-block-buttons is-content-justification-center is-layout-flex wp-container-core-buttons-is-layout-0d9e5961 wp-block-buttons-is-layout-flex\" style=\"padding-top:50px\">\n<div class=\"wp-block-button\"><a class=\"wp-block-button__link has-luminous-vivid-amber-background-color has-background has-medium-font-size has-custom-font-size wp-element-button\" href=\"https:\/\/remkon.com.pl\/?page_id=94\">Zam\u00f3w transport HDS<\/a><\/div>\n<\/div>\n\n\n\n<div class=\"wp-block-buttons is-content-justification-center is-layout-flex wp-container-core-buttons-is-layout-d106d266 wp-block-buttons-is-layout-flex\" style=\"padding-top:20px;padding-bottom:40px\">\n<div class=\"wp-block-button\"><a class=\"wp-block-button__link has-luminous-vivid-amber-background-color has-background has-medium-font-size has-custom-font-size wp-element-button\" href=\"https:\/\/nagrzewnice-online.pl\/shop\/\">Sklep z nagrzewnicami<\/a><\/div>\n<\/div>\n<\/div>\n<\/div>\n<\/div>\n<\/div><\/div>\n\n\n\n<div class=\"wp-block-columns alignfull is-layout-flex wp-container-core-columns-is-layout-28f84493 wp-block-columns-is-layout-flex\">\n<div class=\"wp-block-column is-layout-flow wp-block-column-is-layout-flow\">\n<h2 class=\"wp-block-heading has-text-align-center\">Transport HDS<\/h2>\n\n\n\n<p class=\"has-text-align-center\">Profesjonalny transport materia\u0142\u00f3w budowlanych, kontener\u00f3w i konstrukcji z wykorzystaniem samochodu ci\u0119\u017carowego z HDS.<\/p>\n<\/div>\n\n\n\n<div class=\"wp-block-column is-layout-flow wp-block-column-is-layout-flow\">\n<h2 class=\"wp-block-heading has-text-align-center\">Technika grzewcza<\/h2>\n\n\n\n<p class=\"has-text-align-center\">Sprzeda\u017c i doradztwo w zakresie nagrzewnic i urz\u0105dze\u0144 grzewczych dla firm i klient\u00f3w indywidualnych.<\/p>\n\n\n\n<div class=\"wp-block-buttons is-content-justification-center is-layout-flex wp-container-core-buttons-is-layout-a89b3969 wp-block-buttons-is-layout-flex\">\n<div class=\"wp-block-button\"><a class=\"wp-block-button__link wp-element-button\" href=\"https:\/\/nagrzewnice-online.pl\/shop\/\">\ud83d\udc49 Przejd\u017a do sklepu<\/a><\/div>\n<\/div>\n<\/div>\n\n\n\n<div class=\"wp-block-column is-layout-flow wp-block-column-is-layout-flow\">\n<h2 class=\"wp-block-heading has-text-align-center\">Konstrukcje stalowe<\/h2>\n\n\n\n<p class=\"has-text-align-center\">Wykonujemy konstrukcje stalowe oraz maszyny na zam\u00f3wienie, zgodnie z projektem klienta.<\/p>\n<\/div>\n<\/div>\n\n\n\n<p><\/p>\n","protected":false},"excerpt":{"rendered":"<p>Transport HDS Profesjonalny transport materia\u0142\u00f3w budowlanych, kontener\u00f3w i konstrukcji z wykorzystaniem samochodu ci\u0119\u017carowego z HDS. Technika grzewcza Sprzeda\u017c i doradztwo [&hellip;]<\/p>\n","protected":false},"author":1,"featured_media":0,"parent":0,"menu_order":0,"comment_status":"closed","ping_status":"closed","template":"","meta":{"site-sidebar-layout":"default","site-content-layout":"","ast-site-content-layout":"default","site-content-style":"default","site-sidebar-style":"default","ast-global-header-display":"","ast-banner-title-visibility":"","ast-main-header-display":"","ast-hfb-above-header-display":"","ast-hfb-below-header-display":"","ast-hfb-mobile-header-display":"","site-post-title":"disabled","ast-breadcrumbs-content":"","ast-featured-img":"","footer-sml-layout":"","ast-disable-related-posts":"","theme-transparent-header-meta":"","adv-header-id-meta":"","stick-header-meta":"","header-above-stick-meta":"","header-main-stick-meta":"","header-below-stick-meta":"","astra-migrate-meta-layouts":"default","ast-page-background-enabled":"default","ast-page-background-meta":{"desktop":{"background-color":"var(--ast-global-color-5)","background-image":"","background-repeat":"repeat","background-position":"center center","background-size":"auto","background-attachment":"scroll","background-type":"","background-media":"","overlay-type":"","overlay-color":"","overlay-opacity":"","overlay-gradient":""},"tablet":{"background-color":"","background-image":"","background-repeat":"repeat","background-position":"center center","background-size":"auto","background-attachment":"scroll","background-type":"","background-media":"","overlay-type":"","overlay-color":"","overlay-opacity":"","overlay-gradient":""},"mobile":{"background-color":"","background-image":"","background-repeat":"repeat","background-position":"center center","background-size":"auto","background-attachment":"scroll","background-type":"","background-media":"","overlay-type":"","overlay-color":"","overlay-opacity":"","overlay-gradient":""}},"ast-content-background-meta":{"desktop":{"background-color":"var(--ast-global-color-4)","background-image":"","background-repeat":"repeat","background-position":"center center","background-size":"auto","background-attachment":"scroll","background-type":"","background-media":"","overlay-type":"","overlay-color":"","overlay-opacity":"","overlay-gradient":""},"tablet":{"background-color":"var(--ast-global-color-4)","background-image":"","background-repeat":"repeat","background-position":"center center","background-size":"auto","background-attachment":"scroll","background-type":"","background-media":"","overlay-type":"","overlay-color":"","overlay-opacity":"","overlay-gradient":""},"mobile":{"background-color":"var(--ast-global-color-4)","background-image":"","background-repeat":"repeat","background-position":"center center","background-size":"auto","background-attachment":"scroll","background-type":"","background-media":"","overlay-type":"","overlay-color":"","overlay-opacity":"","overlay-gradient":""}},"footnotes":""},"class_list":["post-10","page","type-page","status-publish","hentry"],"_links":{"self":[{"href":"http:\/\/remkon.com.pl\/index.php?rest_route=\/wp\/v2\/pages\/10","targetHints":{"allow":["GET"]}}],"collection":[{"href":"http:\/\/remkon.com.pl\/index.php?rest_route=\/wp\/v2\/pages"}],"about":[{"href":"http:\/\/remkon.com.pl\/index.php?rest_route=\/wp\/v2\/types\/page"}],"author":[{"embeddable":true,"href":"http:\/\/remkon.com.pl\/index.php?rest_route=\/wp\/v2\/users\/1"}],"replies":[{"embeddable":true,"href":"http:\/\/remkon.com.pl\/index.php?rest_route=%2Fwp%2Fv2%2Fcomments&post=10"}],"version-history":[{"count":49,"href":"http:\/\/remkon.com.pl\/index.php?rest_route=\/wp\/v2\/pages\/10\/revisions"}],"predecessor-version":[{"id":136,"href":"http:\/\/remkon.com.pl\/index.php?rest_route=\/wp\/v2\/pages\/10\/revisions\/136"}],"wp:attachment":[{"href":"http:\/\/remkon.com.pl\/index.php?rest_route=%2Fwp%2Fv2%2Fmedia&parent=10"}],"curies":[{"name":"wp","href":"https:\/\/api.w.org\/{rel}","templated":true}]}}