{"id":39,"date":"2026-02-15T13:55:24","date_gmt":"2026-02-15T12:55:24","guid":{"rendered":"https:\/\/remkon.com.pl\/?page_id=39"},"modified":"2026-02-15T17:17:25","modified_gmt":"2026-02-15T16:17:25","slug":"kontakt","status":"publish","type":"page","link":"https:\/\/remkon.com.pl\/?page_id=39","title":{"rendered":"Kontakt"},"content":{"rendered":"\n<h1 class=\"wp-block-heading\">Kontakt<\/h1>\n\n\n\n<p>Masz pytania dotycz\u0105ce produkt\u00f3w, zam\u00f3wienia lub dost\u0119pno\u015bci?<br>Skontaktuj si\u0119 z nami \u2014 ch\u0119tnie pomo\u017cemy.<\/p>\n\n\n\n<h2 class=\"wp-block-heading\">Dane firmy<\/h2>\n\n\n\n<p><strong>Remkon Sp. z o.o.<\/strong><br>ul.Braterstwa Narod\u00f3w 54\/1<br>82-500 Kwidzyn<br>NIP: 581-195-27-54<\/p>\n\n\n\n<h2 class=\"wp-block-heading\">Kontakt bezpo\u015bredni<\/h2>\n\n\n\n<p><img decoding=\"async\" src=\"https:\/\/s.w.org\/images\/core\/emoji\/17.0.2\/svg\/1f4e7.svg\" alt=\"\ud83d\udce7\" style=\"width: 20px;\">&nbsp;<strong>E-mail:<\/strong><br><a href=\"mailto:info@remkon.com.pl\">info@remkon.com.pl<\/a><\/p>\n\n\n\n<p><img decoding=\"async\" style=\"width: 1px;\" src=\"https:\/\/s.w.org\/images\/core\/emoji\/17.0.2\/svg\/1f4de.svg\" alt=\"\ud83d\udcde\">\u00a0<strong>Telefon:<\/strong><br><a href=\"tel:48602709500\">+48 602 709 500<\/a><\/p>\n\n\n\n<p><img decoding=\"async\" src=\"https:\/\/s.w.org\/images\/core\/emoji\/17.0.2\/svg\/1f558.svg\" alt=\"\ud83d\udd58\" style=\"width: 20px;\">&nbsp;<strong>Godziny pracy:<\/strong><br>Poniedzia\u0142ek \u2013 Pi\u0105tek: 8:00\u201316:00<\/p>\n\n\n\n<p>W godzinach pracy staramy si\u0119 odpowiada\u0107 na zapytania jak najszybciej.<\/p>\n\n\n\n<p><img decoding=\"async\" style=\"width: 1px;\" src=\"https:\/\/s.w.org\/images\/core\/emoji\/17.0.2\/svg\/2139.svg\" alt=\"\u2139\ufe0f\">&nbsp;<\/p>\n\n\n\n<p><\/p>\n","protected":false},"excerpt":{"rendered":"<p>Kontakt Masz pytania dotycz\u0105ce produkt\u00f3w, zam\u00f3wienia lub dost\u0119pno\u015bci?Skontaktuj si\u0119 z nami \u2014 ch\u0119tnie pomo\u017cemy. Dane firmy Remkon Sp. z o.o.ul.Braterstwa [&hellip;]<\/p>\n","protected":false},"author":1,"featured_media":0,"parent":0,"menu_order":0,"comment_status":"closed","ping_status":"closed","template":"","meta":{"site-sidebar-layout":"default","site-content-layout":"","ast-site-content-layout":"default","site-content-style":"default","site-sidebar-style":"default","ast-global-header-display":"","ast-banner-title-visibility":"","ast-main-header-display":"","ast-hfb-above-header-display":"","ast-hfb-below-header-display":"","ast-hfb-mobile-header-display":"","site-post-title":"disabled","ast-breadcrumbs-content":"","ast-featured-img":"","footer-sml-layout":"","ast-disable-related-posts":"","theme-transparent-header-meta":"","adv-header-id-meta":"","stick-header-meta":"","header-above-stick-meta":"","header-main-stick-meta":"","header-below-stick-meta":"","astra-migrate-meta-layouts":"default","ast-page-background-enabled":"default","ast-page-background-meta":{"desktop":{"background-color":"var(--ast-global-color-5)","background-image":"","background-repeat":"repeat","background-position":"center center","background-size":"auto","background-attachment":"scroll","background-type":"","background-media":"","overlay-type":"","overlay-color":"","overlay-opacity":"","overlay-gradient":""},"tablet":{"background-color":"","background-image":"","background-repeat":"repeat","background-position":"center center","background-size":"auto","background-attachment":"scroll","background-type":"","background-media":"","overlay-type":"","overlay-color":"","overlay-opacity":"","overlay-gradient":""},"mobile":{"background-color":"","background-image":"","background-repeat":"repeat","background-position":"center center","background-size":"auto","background-attachment":"scroll","background-type":"","background-media":"","overlay-type":"","overlay-color":"","overlay-opacity":"","overlay-gradient":""}},"ast-content-background-meta":{"desktop":{"background-color":"var(--ast-global-color-4)","background-image":"","background-repeat":"repeat","background-position":"center center","background-size":"auto","background-attachment":"scroll","background-type":"","background-media":"","overlay-type":"","overlay-color":"","overlay-opacity":"","overlay-gradient":""},"tablet":{"background-color":"var(--ast-global-color-4)","background-image":"","background-repeat":"repeat","background-position":"center center","background-size":"auto","background-attachment":"scroll","background-type":"","background-media":"","overlay-type":"","overlay-color":"","overlay-opacity":"","overlay-gradient":""},"mobile":{"background-color":"var(--ast-global-color-4)","background-image":"","background-repeat":"repeat","background-position":"center center","background-size":"auto","background-attachment":"scroll","background-type":"","background-media":"","overlay-type":"","overlay-color":"","overlay-opacity":"","overlay-gradient":""}},"footnotes":""},"class_list":["post-39","page","type-page","status-publish","hentry"],"_links":{"self":[{"href":"https:\/\/remkon.com.pl\/index.php?rest_route=\/wp\/v2\/pages\/39","targetHints":{"allow":["GET"]}}],"collection":[{"href":"https:\/\/remkon.com.pl\/index.php?rest_route=\/wp\/v2\/pages"}],"about":[{"href":"https:\/\/remkon.com.pl\/index.php?rest_route=\/wp\/v2\/types\/page"}],"author":[{"embeddable":true,"href":"https:\/\/remkon.com.pl\/index.php?rest_route=\/wp\/v2\/users\/1"}],"replies":[{"embeddable":true,"href":"https:\/\/remkon.com.pl\/index.php?rest_route=%2Fwp%2Fv2%2Fcomments&post=39"}],"version-history":[{"count":3,"href":"https:\/\/remkon.com.pl\/index.php?rest_route=\/wp\/v2\/pages\/39\/revisions"}],"predecessor-version":[{"id":101,"href":"https:\/\/remkon.com.pl\/index.php?rest_route=\/wp\/v2\/pages\/39\/revisions\/101"}],"wp:attachment":[{"href":"https:\/\/remkon.com.pl\/index.php?rest_route=%2Fwp%2Fv2%2Fmedia&parent=39"}],"curies":[{"name":"wp","href":"https:\/\/api.w.org\/{rel}","templated":true}]}}